{"id":114,"date":"2023-08-16T14:32:48","date_gmt":"2023-08-16T14:32:48","guid":{"rendered":"https:\/\/stopgenderwpolsce.pl\/?page_id=114"},"modified":"2023-08-25T08:40:56","modified_gmt":"2023-08-25T08:40:56","slug":"strona-glowna","status":"publish","type":"page","link":"https:\/\/stopgenderwpolsce.pl\/","title":{"rendered":"Strona g\u0142\u00f3wna"},"content":{"rendered":"<p>[et_pb_section fb_built=&#8221;1&#8243; fullwidth=&#8221;on&#8221; _builder_version=&#8221;4.20.4&#8243; _module_preset=&#8221;default&#8221; global_colors_info=&#8221;{}&#8221;][et_pb_fullwidth_image src=&#8221;https:\/\/stopgenderwpolsce.pl\/wp-content\/uploads\/2023\/08\/StopGenderwPolsce-1920&#215;890-4_POP.jpg&#8221; title_text=&#8221;StopGenderwPolsce-1200&#215;1200&#8243; url=&#8221;#petition&#8221; src_tablet=&#8221;https:\/\/stopgenderwpolsce.pl\/wp-content\/uploads\/2023\/08\/StopGenderwPolsce-1200&#215;628-1.jpg&#8221; src_phone=&#8221;https:\/\/stopgenderwpolsce.pl\/wp-content\/uploads\/2023\/08\/StopGenderwPolsce-1200&#215;1200-1.jpg&#8221; src_last_edited=&#8221;on|phone&#8221; _builder_version=&#8221;4.22.0&#8243; _module_preset=&#8221;default&#8221; global_colors_info=&#8221;{}&#8221;][\/et_pb_fullwidth_image][\/et_pb_section][et_pb_section fb_built=&#8221;1&#8243; _builder_version=&#8221;4.20.4&#8243; _module_preset=&#8221;default&#8221; global_colors_info=&#8221;{}&#8221;][et_pb_row column_structure=&#8221;1_2,1_2&#8243; module_class=&#8221;reverse-col&#8221; _builder_version=&#8221;4.20.4&#8243; _module_preset=&#8221;default&#8221; custom_padding=&#8221;||9px|||&#8221; global_colors_info=&#8221;{}&#8221;][et_pb_column type=&#8221;1_2&#8243; _builder_version=&#8221;4.20.4&#8243; _module_preset=&#8221;default&#8221; global_colors_info=&#8221;{}&#8221;][et_pb_text _builder_version=&#8221;4.22.0&#8243; _module_preset=&#8221;default&#8221; text_font_size=&#8221;18px&#8221; text_line_height=&#8221;1.4em&#8221; custom_padding_tablet=&#8221;&#8221; custom_padding_phone=&#8221;50px||||false|false&#8221; custom_padding_last_edited=&#8221;on|phone&#8221; global_colors_info=&#8221;{}&#8221;]<\/p>\n<p class=\"p1\" style=\"text-align: justify;\">Do S\u0119dzi\u00f3w Trybuna\u0142u Konstytucyjnego<\/p>\n<p class=\"p1\" style=\"text-align: justify;\">Czcigodni s\u0119dziowie,<\/p>\n<p class=\"p2\" style=\"text-align: justify;\">W 2015 roku Prezydent RP ratyfikowa\u0142 umow\u0119 mi\u0119dzynarodow\u0105 nosz\u0105c\u0105 wprowadzaj\u0105cy w b\u0142\u0105d tytu\u0142 <i>Konwencja Rady Europy o zapobieganiu i zwalczaniu przemocy wobec kobiet i przemocy domowej (Konwencja Stambulska)<\/i>. W lipcu 2020 roku premier Mateusz Morawiecki zdecydowa\u0142 o przekazaniu tego aktu prawa mi\u0119dzynarodowego do Trybuna\u0142u Konstytucyjnego w celu zbadania zgodno\u015bci jego tre\u015bci z Konstytucj\u0105 RP. Wyra\u017camy ubolewanie, \u017ce pomimo up\u0142ywu trzech lat, Trybuna\u0142 Konstytucyjny wci\u0105\u017c nie wyda\u0142 orzeczenia w tej sprawie.<\/p>\n<p class=\"p2\" style=\"text-align: justify;\">Dokument ten nie wprowadza \u017cadnych nowych skutecznych narz\u0119dzi s\u0142u\u017c\u0105cych ochronie kobiet oraz rodziny, czy przeciwdzia\u0142aniu przemocy domowej, pomimo, \u017ce nazwa zdaje si\u0119 to sugerowa\u0107. Ponadto, <i>Konwencja Stambulska<\/i> zawiera szereg postanowie\u0144 opartych na ideologicznych przes\u0142ankach i przez to uderzaj\u0105cych nie tylko w instytucj\u0119 rodziny, ale r\u00f3wnie\u017c w polski porz\u0105dek konstytucyjny, przez co mo\u017ce rodzi\u0107 skutki przeciwne do sugerowanych przez tytu\u0142.<\/p>\n<p>[\/et_pb_text][\/et_pb_column][et_pb_column type=&#8221;1_2&#8243; module_id=&#8221;petition&#8221; _builder_version=&#8221;4.20.4&#8243; _module_preset=&#8221;default&#8221; global_colors_info=&#8221;{}&#8221;][et_pb_code _builder_version=&#8221;4.22.0&#8243; _module_preset=&#8221;default&#8221; global_colors_info=&#8221;{}&#8221;]<iframe class=\"oi-form\" data-formid=\"156\" src=\"https:\/\/f.ordoiuris.pl\/\/form\/156?rest_route=%2Fwp%2Fv2%2Fpages%2F114\" type=\"text\/html\" style=\"width:100%;\"><\/iframe>[\/et_pb_code][\/et_pb_column][\/et_pb_row][et_pb_row _builder_version=&#8221;4.20.4&#8243; _module_preset=&#8221;default&#8221; custom_margin=&#8221;-13px|auto||auto||&#8221; custom_padding=&#8221;11px|||||&#8221; global_colors_info=&#8221;{}&#8221;][et_pb_column type=&#8221;4_4&#8243; _builder_version=&#8221;4.20.4&#8243; _module_preset=&#8221;default&#8221; global_colors_info=&#8221;{}&#8221;][et_pb_text _builder_version=&#8221;4.22.0&#8243; _module_preset=&#8221;default&#8221; text_font_size=&#8221;18px&#8221; text_line_height=&#8221;1.4em&#8221; custom_margin=&#8221;10px|||||&#8221; global_colors_info=&#8221;{}&#8221;]<\/p>\n<p class=\"p1\" style=\"text-align: justify;\">Co wi\u0119cej, wprowadza ona znacz\u0105ce zamieszenie przez wadliwe t\u0142umaczenie na j\u0119zyk polski <i>Konwencji<\/i> napisanej oryginalnie w j\u0119zyku angielskim oraz francuskim. W oryginalnym tek\u015bcie 25 razy powt\u00f3rzono termin \u201egender\u201d w r\u00f3\u017cnych kontekstach. Jest to s\u0142owo pochodz\u0105ce z j\u0119zyka angielskiego i pierwotnie oznaczaj\u0105ce rodzaj (w sensie gramatycznym, tj. rodzaj m\u0119ski, \u017ce\u0144ski i nijaki) w odr\u00f3\u017cnieniu od s\u0142owa \u201esex\u201d oznaczaj\u0105cego p\u0142e\u0107. Wsp\u00f3\u0142cze\u015bnie s\u0142owo \u201egender\u201d jest cz\u0119sto u\u017cywane zamiast s\u0142owa \u201esex\u201d, co wprowadza niejasno\u015b\u0107 co do zamierzonego znaczenia. Dokument u\u017cywa poj\u0119\u0107: r\u00f3wno\u015b\u0107 \u201egenderowa\u201d (<i>gender equality<\/i>), polityka uwra\u017cliwiona na\u00a0\u201egender\u201d\u00a0<i>(gender sensitive policy)<\/i>, \u201egenderowa\u201d perspektywa (<i>gender perspective<\/i>), przemoc ze wzgl\u0119du na\u00a0\u201egender\u201d (<i>gender-based violence<\/i>). \u017badne z tych sformu\u0142owa\u0144 nie zosta\u0142o w prawid\u0142owy spos\u00f3b przet\u0142umaczone na j\u0119zyk polski. W ka\u017cdym z tych przypadk\u00f3w termin ten jest u\u017cywany w znaczeniu \u201ep\u0142ci spo\u0142eczno-kulturowej\u201d, natomiast t\u0142umaczenie u\u017cywa s\u0142owa \u201ep\u0142e\u0107\u201d, co w j\u0119zyku polskim jednoznacznie oznacza \u201ebiologiczny\u00a0zesp\u00f3\u0142 cech pozwalaj\u0105cych podzieli\u0107 osobniki danego gatunku na 2 grupy oznaczane jako m\u0119skie i \u017ce\u0144skie, odgrywaj\u0105ce uzupe\u0142niaj\u0105ce si\u0119 role w procesie rozrodu&#8221;, zgodnie z definicj\u0105 Encyklopedii PWN. Sama Konwencja wskazuje na r\u00f3\u017cnice pomi\u0119dzy terminem \u201egender<i>\u201d<\/i> a \u201esex<i>\u201d<\/i> (p\u0142e\u0107). Wed\u0142ug niej\u00a0\u201egender\u201d\u00a0to \u201espo\u0142ecznie skonstruowane role, zachowania, dzia\u0142ania i atrybuty, kt\u00f3re dane spo\u0142ecze\u0144stwo uznaje za odpowiednie dla kobiet lub m\u0119\u017cczyzn\u201d. Oznacza to, \u017ce przyj\u0119cie <i>Konwencji stambulskiej<\/i> jest dotkni\u0119te powa\u017cn\u0105 i nieusuwaln\u0105 wad\u0105 dotycz\u0105c\u0105 procedury legislacyjnej. Sam ten fakt powinien przes\u0105dzi\u0107 o sprzeczno\u015bci <i>Konwencji<\/i> z Konstytucj\u0105 RP.<\/p>\n<p class=\"p1\" style=\"text-align: justify;\">Skutkiem przyj\u0119cia <i>Konwencji<\/i> jest rozmycie terminu p\u0142ci (determinowanej biologicznie) i zast\u0105pienie go \u201eto\u017csamo\u015bci\u0105 p\u0142ciow\u0105\u201d, kt\u00f3ra w j\u0119zyku aktywist\u00f3w radykalnej lewicy oznacza mo\u017cliwo\u015b\u0107 subiektywnego przypisywania sobie p\u0142ci na podstawie w\u0142asnych, podatnych na ci\u0105g\u0142e zmiany odczu\u0107. Warto r\u00f3wnie\u017c wskaza\u0107, \u017ce Konwencja Stambulska \u017ar\u00f3de\u0142 przemocy domowej dopatruje si\u0119 w r\u00f3\u017cnicach pomi\u0119dzy kobietami i m\u0119\u017cczyznami, pomijaj\u0105c ca\u0142kowicie takie zjawiska jak uzale\u017cnienia, w tym alkoholizm czy narkomania, kt\u00f3re nale\u017c\u0105 do najcz\u0119stszych realnych przyczyn przemocy domowej.<\/p>\n<p class=\"p1\" style=\"text-align: justify;\">Wprowadzenie \u201egenderowej\u201d definicji p\u0142ci do polskiego prawa stanowi podwa\u017cenie konstytucyjnego porz\u0105dku w naszym kraju. Jest to jednocze\u015bnie uderzenie w ma\u0142\u017ce\u0144stwo, kt\u00f3re zgodnie z zapisami Konstytucji RP jest zwi\u0105zkiem kobiety i m\u0119\u017cczyzny, co nie pozwala na dowolno\u015b\u0107 interpretacyjn\u0105 oraz reinterpretacj\u0119 w\u0142asnej p\u0142ci. Prawne uznanie istnienia \u201ep\u0142ci\u201d rozumianych inaczej ni\u017c w sensie biologicznym uderza tak\u017ce w konstytucyjn\u0105 zasad\u0119 r\u00f3wno\u015bci kobiet i m\u0119\u017cczyzn. Warto przy tym zaznaczy\u0107, \u017ce przedstawiciele radykalnych \u015brodowisk ju\u017c dzisiaj identyfikuj\u0105 dziesi\u0105tki tak rozumianych \u201ep\u0142ci\u201d.<\/p>\n<p class=\"p1\" style=\"text-align: justify;\">Wreszcie, \u201egenderowe\u201d zapisy <i>Konwencji<\/i> zak\u0142adaj\u0105 wprowadzenie obowi\u0105zkowej edukacji o \u201eniestereotypowych rolach p\u0142ciowych\u201d do polskich szk\u00f3\u0142. W ten spos\u00f3b ju\u017c dzieci w wieku szkolnym mog\u0105 zosta\u0107 poddane indoktrynacji radykaln\u0105 ideologi\u0105 gender podwa\u017caj\u0105c\u0105 istnienie dychotomicznego podzia\u0142u na m\u0119\u017cczyzn i kobiety. Prowadzi to do zaburzenia prawid\u0142owego rozwoju najm\u0142odszych, \u0142ami\u0105c jednocze\u015bnie konstytucyjne prawo rodzic\u00f3w do wychowania dzieci w zgodzie z w\u0142asnymi przekonaniami.<\/p>\n<p class=\"p1\" style=\"text-align: justify;\">Przed\u0142u\u017canie bie\u017c\u0105cej sytuacji zwi\u0119ksza ryzyko utrwalenia jej szkodliwych postanowie\u0144 w polskim porz\u0105dku prawnym.<\/p>\n<p class=\"p1\" style=\"text-align: justify;\">Maj\u0105c na uwadze powy\u017csze, zwracamy si\u0119 z apelem o jak najszybsze rozpoznanie zgodno\u015bci Konwencji stambulskiej z polsk\u0105 Konstytucj\u0105.<\/p>\n<p>[\/et_pb_text][\/et_pb_column][\/et_pb_row][\/et_pb_section][et_pb_section fb_built=&#8221;1&#8243; prev_background_color=&#8221;#ffffff&#8221; _builder_version=&#8221;4.20.4&#8243; _module_preset=&#8221;default&#8221; background_color=&#8221;#f7f7f7&#8243; custom_padding=&#8221;89px|||||&#8221; top_divider_style=&#8221;slant2&#8243; top_divider_height=&#8221;20px&#8221; global_colors_info=&#8221;{}&#8221;][et_pb_row _builder_version=&#8221;4.20.4&#8243; _module_preset=&#8221;default&#8221; global_colors_info=&#8221;{}&#8221;][et_pb_column type=&#8221;4_4&#8243; _builder_version=&#8221;4.20.4&#8243; _module_preset=&#8221;default&#8221; global_colors_info=&#8221;{}&#8221;][et_pb_text _builder_version=&#8221;4.22.0&#8243; _module_preset=&#8221;default&#8221; text_font_size=&#8221;18px&#8221; header_2_font_size=&#8221;28px&#8221; custom_margin=&#8221;10px|||||&#8221; global_colors_info=&#8221;{}&#8221;]<\/p>\n<h2 class=\"p1\" style=\"text-align: center;\"><strong>Czym jest Konwencja stambulska?<\/strong><\/h2>\n<p>[\/et_pb_text][\/et_pb_column][\/et_pb_row][et_pb_row column_structure=&#8221;1_2,1_2&#8243; _builder_version=&#8221;4.21.0&#8243; _module_preset=&#8221;default&#8221; global_colors_info=&#8221;{}&#8221;][et_pb_column type=&#8221;1_2&#8243; _builder_version=&#8221;4.20.4&#8243; _module_preset=&#8221;default&#8221; global_colors_info=&#8221;{}&#8221;][et_pb_image src=&#8221;https:\/\/stopgenderwpolsce.pl\/wp-content\/uploads\/2023\/08\/AdobeStock_516859298.jpg&#8221; title_text=&#8221;AdobeStock_516859298&#8243; _builder_version=&#8221;4.22.0&#8243; _module_preset=&#8221;default&#8221; custom_margin=&#8221;||7px|||&#8221; border_radii=&#8221;on|10px|10px|10px|10px&#8221; box_shadow_style=&#8221;preset3&#8243; global_colors_info=&#8221;{}&#8221;][\/et_pb_image][\/et_pb_column][et_pb_column type=&#8221;1_2&#8243; _builder_version=&#8221;4.20.4&#8243; _module_preset=&#8221;default&#8221; global_colors_info=&#8221;{}&#8221;][et_pb_text _builder_version=&#8221;4.22.0&#8243; _module_preset=&#8221;default&#8221; text_line_height=&#8221;1.5em&#8221; custom_margin=&#8221;10px|||||&#8221; global_colors_info=&#8221;{}&#8221;]<\/p>\n<p class=\"p1\" style=\"text-align: justify;\">Nosz\u0105ca myl\u0105c\u0105 nazw\u0119 <i>Konwencja Rady Europy o zapobieganiu i zwalczaniu przemocy wobec kobiet i przemocy domowej <\/i>oparta jest na za\u0142o\u017ceniach ideologii gender. Konwencja ta upatruje \u017ar\u00f3de\u0142 przemocy domowej w \u201eniestereotypowych rolach p\u0142ciowych\u201d i jest oderwana od rzeczywistych problem\u00f3w europejskich rodzin, takich jak uzale\u017cnienie od alkoholu i narkotyk\u00f3w czy seksualizacja wizerunku kobiet i dziewcz\u0105t w przestrzeni publicznej. Konwencja neguje istnienie p\u0142ci biologicznie uwarunkowanej, umieszczaj\u0105c w polskim porz\u0105dku prawnym \u201ep\u0142e\u0107 spo\u0142eczno-kulturow\u0105\u201d<\/p>\n<p>[\/et_pb_text][\/et_pb_column][\/et_pb_row][et_pb_row _builder_version=&#8221;4.20.4&#8243; _module_preset=&#8221;default&#8221; global_colors_info=&#8221;{}&#8221;][et_pb_column type=&#8221;4_4&#8243; _builder_version=&#8221;4.20.4&#8243; _module_preset=&#8221;default&#8221; global_colors_info=&#8221;{}&#8221;][et_pb_text _builder_version=&#8221;4.22.0&#8243; _module_preset=&#8221;default&#8221; text_line_height=&#8221;1.5em&#8221; custom_margin=&#8221;10px|||||&#8221; global_colors_info=&#8221;{}&#8221;]<\/p>\n<p class=\"p1\" style=\"text-align: center;\">Konwencja stambulska to dokument ideologiczny, kt\u00f3ry zak\u0142ada wprowadzenie genderowej edukacji w szko\u0142ach. Chc\u0105c rozmy\u0107 poj\u0119cie p\u0142ci w umys\u0142ach dzieci, sufluje przy tym, \u017ce p\u0142e\u0107 mo\u017cna sobie wybra\u0107, albo co gorsze, wymy\u015bli\u0107. Co istotne, pomimo swej nazwy, nie zawiera ona \u017cadnych nowych instrument\u00f3w do walki z przemoc\u0105 wobec kobiet czy og\u00f3lnie przemocy domowej.<\/p>\n<p>[\/et_pb_text][et_pb_text _builder_version=&#8221;4.22.0&#8243; _module_preset=&#8221;default&#8221; text_font_size=&#8221;18px&#8221; custom_margin=&#8221;10px|||||&#8221; global_colors_info=&#8221;{}&#8221;]<\/p>\n<h2 class=\"p1\" style=\"text-align: center;\"><b>Musimy odrzuci\u0107 Konwencj\u0119 stambulsk\u0105!<\/b><\/h2>\n<p>[\/et_pb_text][et_pb_button button_url=&#8221;#petition&#8221; button_text=&#8221;Podpisz petycj\u0119&#8221; button_alignment=&#8221;center&#8221; _builder_version=&#8221;4.20.4&#8243; _module_preset=&#8221;default&#8221; custom_button=&#8221;on&#8221; button_text_size=&#8221;22px&#8221; button_text_color=&#8221;#FFFFFF&#8221; button_bg_color=&#8221;#c61b1b&#8221; button_border_width=&#8221;0px&#8221; button_border_radius=&#8221;100px&#8221; global_colors_info=&#8221;{}&#8221;][\/et_pb_button][\/et_pb_column][\/et_pb_row][et_pb_row _builder_version=&#8221;4.20.4&#8243; _module_preset=&#8221;default&#8221; global_colors_info=&#8221;{}&#8221; custom_padding=&#8221;66px|||||&#8221;][et_pb_column type=&#8221;4_4&#8243; _builder_version=&#8221;4.20.4&#8243; _module_preset=&#8221;default&#8221; global_colors_info=&#8221;{}&#8221;][et_pb_text _builder_version=&#8221;4.22.0&#8243; _module_preset=&#8221;default&#8221; text_line_height=&#8221;1.5em&#8221; custom_margin=&#8221;10px|||||&#8221; hover_enabled=&#8221;0&#8243; global_colors_info=&#8221;{}&#8221; sticky_enabled=&#8221;0&#8243;]<\/p>\n<p style=\"text-align: center;\">Autorzy projektu \u201cTak dla rodziny, nie dla gender\u201d przygotowali specjaln\u0105 broszur\u0119, kt\u00f3ra t\u0142umaczy problemy zwi\u0105zane z Konwencj\u0105 genderow\u0105.\u00a0<\/p>\n<p style=\"text-align: center;\">[\/et_pb_text][et_pb_text _builder_version=&#8221;4.22.0&#8243; _module_preset=&#8221;default&#8221; text_font_size=&#8221;18px&#8221; custom_margin=&#8221;10px|||||&#8221; hover_enabled=&#8221;0&#8243; global_colors_info=&#8221;{}&#8221; sticky_enabled=&#8221;0&#8243;]<\/p>\n<h2 class=\"p1\" style=\"text-align: center;\"><strong>Zach\u0119camy do jej lektury<\/strong><\/h2>\n<p>[\/et_pb_text][et_pb_button button_url=&#8221;https:\/\/takdlarodziny.ordoiuris.pl\/wp-content\/uploads\/2020\/10\/Tak-dla-rodziny-nie-dla-gender_digital.pdf&#8221; button_text=&#8221;Broszura o Konwencji stambulskiej&#8221; button_alignment=&#8221;center&#8221; _builder_version=&#8221;4.22.0&#8243; _module_preset=&#8221;default&#8221; custom_button=&#8221;on&#8221; button_text_size=&#8221;22px&#8221; button_text_color=&#8221;#FFFFFF&#8221; button_bg_color=&#8221;#c61b1b&#8221; button_border_width=&#8221;0px&#8221; button_border_radius=&#8221;100px&#8221; hover_enabled=&#8221;0&#8243; global_colors_info=&#8221;{}&#8221; url_new_window=&#8221;on&#8221; sticky_enabled=&#8221;0&#8243;][\/et_pb_button][\/et_pb_column][\/et_pb_row][\/et_pb_section][et_pb_section fb_built=&#8221;1&#8243; _builder_version=&#8221;4.22.0&#8243; _module_preset=&#8221;default&#8221; background_color=&#8221;rgba(0,0,0,0.73)&#8221; background_image=&#8221;https:\/\/stopgenderwpolsce.pl\/wp-content\/uploads\/2023\/08\/AdobeStock_329213610.jpg&#8221; background_blend=&#8221;darken&#8221; custom_padding=&#8221;138px||133px||false|false&#8221; global_colors_info=&#8221;{}&#8221;][et_pb_row _builder_version=&#8221;4.20.4&#8243; _module_preset=&#8221;default&#8221; custom_margin=&#8221;|auto|2px|auto||&#8221; global_colors_info=&#8221;{}&#8221;][et_pb_column type=&#8221;4_4&#8243; _builder_version=&#8221;4.20.4&#8243; _module_preset=&#8221;default&#8221; global_colors_info=&#8221;{}&#8221;][et_pb_text _builder_version=&#8221;4.22.0&#8243; _module_preset=&#8221;default&#8221; text_text_color=&#8221;#FFFFFF&#8221; text_font_size=&#8221;21px&#8221; text_line_height=&#8221;1.4em&#8221; header_2_text_color=&#8221;#FFFFFF&#8221; global_colors_info=&#8221;{}&#8221;]<\/p>\n<p class=\"p1\" style=\"text-align: center;\">Polska ratyfikowa\u0142a Konwencj\u0119 stambulsk\u0105 w 2015 roku pomimo oburzenia opinii publicznej. W 2020 roku \u015brodowiska prorodzinne zorganizowa\u0142y zbi\u00f3rk\u0119 podpis\u00f3w pod projektem \u201eTak dla rodziny, nie dla gender\u201d, kt\u00f3r\u0105 popar\u0142o 150 tys. os\u00f3b. Inicjatorzy akcji postulowali wycofanie Genderowej Konwencji oraz rozpocz\u0119cie prac nad Mi\u0119dzynarodow\u0105 Konwencj\u0105 Praw Rodziny, kt\u00f3ra mia\u0142a zagwarantowa\u0107 europejskim rodzinom wi\u0119ksz\u0105 ochron\u0119 prawn\u0105. Niestety, projekt ten wyl\u0105dowa\u0142 w \u201esejmowej zamra\u017carce\u201d.<\/p>\n<p>[\/et_pb_text][\/et_pb_column][\/et_pb_row][\/et_pb_section][et_pb_section fb_built=&#8221;1&#8243; prev_background_color=&#8221;rgba(0,0,0,0.73)&#8221; _builder_version=&#8221;4.21.0&#8243; _module_preset=&#8221;default&#8221; background_color=&#8221;#ffffff&#8221; custom_padding=&#8221;89px||65px|||&#8221; top_divider_style=&#8221;slant2&#8243; top_divider_height=&#8221;20px&#8221; global_colors_info=&#8221;{}&#8221;][et_pb_row _builder_version=&#8221;4.21.0&#8243; _module_preset=&#8221;default&#8221; global_colors_info=&#8221;{}&#8221;][et_pb_column type=&#8221;4_4&#8243; _builder_version=&#8221;4.20.4&#8243; _module_preset=&#8221;default&#8221; global_colors_info=&#8221;{}&#8221;][et_pb_text _builder_version=&#8221;4.22.0&#8243; _module_preset=&#8221;default&#8221; text_font_size=&#8221;21px&#8221; text_line_height=&#8221;1.4em&#8221; custom_margin=&#8221;10px|||||&#8221; global_colors_info=&#8221;{}&#8221;]<\/p>\n<p class=\"p1\" style=\"text-align: center;\">R\u00f3wnolegle w 2020 roku premier Mateusz Morawiecki zdecydowa\u0142 o skierowanie do Trybuna\u0142u Konstytucyjnego wniosku o zbadanie zgodno\u015bci Konwencji Stambulskiej z Konstytucj\u0105 RP. Niestety, pomimo up\u0142ywu trzech lat sprawa wci\u0105\u017c nie zosta\u0142a rozpatrzona przez Trybuna\u0142.<\/p>\n<p class=\"p1\" style=\"text-align: center;\"><b>Dlatego apelujemy do s\u0119dzi\u00f3w Trybuna\u0142u Konstytucyjnego: Prawa Rodzin nie mog\u0105 d\u0142u\u017cej czeka\u0107!<\/b><\/p>\n<p>[\/et_pb_text][et_pb_button button_url=&#8221;#petition&#8221; button_text=&#8221;Podpisz petycj\u0119&#8221; button_alignment=&#8221;center&#8221; _builder_version=&#8221;4.20.4&#8243; _module_preset=&#8221;default&#8221; custom_button=&#8221;on&#8221; button_text_size=&#8221;22px&#8221; button_text_color=&#8221;#FFFFFF&#8221; button_bg_color=&#8221;#c61b1b&#8221; button_border_width=&#8221;0px&#8221; button_border_radius=&#8221;100px&#8221; global_colors_info=&#8221;{}&#8221;][\/et_pb_button][\/et_pb_column][\/et_pb_row][\/et_pb_section]<\/p>\n","protected":false},"excerpt":{"rendered":"<p>Do S\u0119dzi\u00f3w Trybuna\u0142u Konstytucyjnego Czcigodni s\u0119dziowie, W 2015 roku Prezydent RP ratyfikowa\u0142 umow\u0119 mi\u0119dzynarodow\u0105 nosz\u0105c\u0105 wprowadzaj\u0105cy w b\u0142\u0105d tytu\u0142 Konwencja Rady Europy o zapobieganiu i zwalczaniu przemocy wobec kobiet i przemocy domowej (Konwencja Stambulska). W lipcu 2020 roku premier Mateusz Morawiecki zdecydowa\u0142 o przekazaniu tego aktu prawa mi\u0119dzynarodowego do Trybuna\u0142u Konstytucyjnego w celu zbadania zgodno\u015bci [&hellip;]<\/p>\n","protected":false},"author":2,"featured_media":0,"parent":0,"menu_order":0,"comment_status":"closed","ping_status":"closed","template":"","meta":{"_et_pb_use_builder":"on","_et_pb_old_content":"<!-- wp:divi\/placeholder \/-->","_et_gb_content_width":"","footnotes":""},"class_list":["post-114","page","type-page","status-publish","hentry"],"yoast_head":"<!-- This site is optimized with the Yoast SEO plugin v25.8 - https:\/\/yoast.com\/wordpress\/plugins\/seo\/ -->\n<title>Strona g\u0142\u00f3wna - Stop Gender w Polsce<\/title>\n<meta name=\"robots\" content=\"index, follow, max-snippet:-1, max-image-preview:large, max-video-preview:-1\" \/>\n<link rel=\"canonical\" href=\"https:\/\/stopgenderwpolsce.pl\/\" \/>\n<meta property=\"og:locale\" content=\"pl_PL\" \/>\n<meta property=\"og:type\" content=\"article\" \/>\n<meta property=\"og:title\" content=\"Strona g\u0142\u00f3wna - Stop Gender w Polsce\" \/>\n<meta property=\"og:description\" content=\"Do S\u0119dzi\u00f3w Trybuna\u0142u Konstytucyjnego Czcigodni s\u0119dziowie, W 2015 roku Prezydent RP ratyfikowa\u0142 umow\u0119 mi\u0119dzynarodow\u0105 nosz\u0105c\u0105 wprowadzaj\u0105cy w b\u0142\u0105d tytu\u0142 Konwencja Rady Europy o zapobieganiu i zwalczaniu przemocy wobec kobiet i przemocy domowej (Konwencja Stambulska). W lipcu 2020 roku premier Mateusz Morawiecki zdecydowa\u0142 o przekazaniu tego aktu prawa mi\u0119dzynarodowego do Trybuna\u0142u Konstytucyjnego w celu zbadania zgodno\u015bci [&hellip;]\" \/>\n<meta property=\"og:url\" content=\"https:\/\/stopgenderwpolsce.pl\/\" \/>\n<meta property=\"og:site_name\" content=\"Stop Gender w Polsce\" \/>\n<meta property=\"article:modified_time\" content=\"2023-08-25T08:40:56+00:00\" \/>\n<meta name=\"twitter:card\" content=\"summary_large_image\" \/>\n<script type=\"application\/ld+json\" class=\"yoast-schema-graph\">{\"@context\":\"https:\/\/schema.org\",\"@graph\":[{\"@type\":\"WebPage\",\"@id\":\"https:\/\/stopgenderwpolsce.pl\/\",\"url\":\"https:\/\/stopgenderwpolsce.pl\/\",\"name\":\"Strona g\u0142\u00f3wna - Stop Gender w Polsce\",\"isPartOf\":{\"@id\":\"https:\/\/stopgenderwpolsce.pl\/#website\"},\"datePublished\":\"2023-08-16T14:32:48+00:00\",\"dateModified\":\"2023-08-25T08:40:56+00:00\",\"breadcrumb\":{\"@id\":\"https:\/\/stopgenderwpolsce.pl\/#breadcrumb\"},\"inLanguage\":\"pl-PL\",\"potentialAction\":[{\"@type\":\"ReadAction\",\"target\":[\"https:\/\/stopgenderwpolsce.pl\/\"]}]},{\"@type\":\"BreadcrumbList\",\"@id\":\"https:\/\/stopgenderwpolsce.pl\/#breadcrumb\",\"itemListElement\":[{\"@type\":\"ListItem\",\"position\":1,\"name\":\"Strona g\u0142\u00f3wna\",\"item\":\"https:\/\/stopgenderwpolsce.pl\/\"},{\"@type\":\"ListItem\",\"position\":2,\"name\":\"Strona g\u0142\u00f3wna\"}]},{\"@type\":\"WebSite\",\"@id\":\"https:\/\/stopgenderwpolsce.pl\/#website\",\"url\":\"https:\/\/stopgenderwpolsce.pl\/\",\"name\":\"Stop Gender w Polsce\",\"description\":\"\",\"potentialAction\":[{\"@type\":\"SearchAction\",\"target\":{\"@type\":\"EntryPoint\",\"urlTemplate\":\"https:\/\/stopgenderwpolsce.pl\/?s={search_term_string}\"},\"query-input\":{\"@type\":\"PropertyValueSpecification\",\"valueRequired\":true,\"valueName\":\"search_term_string\"}}],\"inLanguage\":\"pl-PL\"}]}<\/script>\n<!-- \/ Yoast SEO plugin. -->","yoast_head_json":{"title":"Strona g\u0142\u00f3wna - Stop Gender w Polsce","robots":{"index":"index","follow":"follow","max-snippet":"max-snippet:-1","max-image-preview":"max-image-preview:large","max-video-preview":"max-video-preview:-1"},"canonical":"https:\/\/stopgenderwpolsce.pl\/","og_locale":"pl_PL","og_type":"article","og_title":"Strona g\u0142\u00f3wna - Stop Gender w Polsce","og_description":"Do S\u0119dzi\u00f3w Trybuna\u0142u Konstytucyjnego Czcigodni s\u0119dziowie, W 2015 roku Prezydent RP ratyfikowa\u0142 umow\u0119 mi\u0119dzynarodow\u0105 nosz\u0105c\u0105 wprowadzaj\u0105cy w b\u0142\u0105d tytu\u0142 Konwencja Rady Europy o zapobieganiu i zwalczaniu przemocy wobec kobiet i przemocy domowej (Konwencja Stambulska). W lipcu 2020 roku premier Mateusz Morawiecki zdecydowa\u0142 o przekazaniu tego aktu prawa mi\u0119dzynarodowego do Trybuna\u0142u Konstytucyjnego w celu zbadania zgodno\u015bci [&hellip;]","og_url":"https:\/\/stopgenderwpolsce.pl\/","og_site_name":"Stop Gender w Polsce","article_modified_time":"2023-08-25T08:40:56+00:00","twitter_card":"summary_large_image","schema":{"@context":"https:\/\/schema.org","@graph":[{"@type":"WebPage","@id":"https:\/\/stopgenderwpolsce.pl\/","url":"https:\/\/stopgenderwpolsce.pl\/","name":"Strona g\u0142\u00f3wna - Stop Gender w Polsce","isPartOf":{"@id":"https:\/\/stopgenderwpolsce.pl\/#website"},"datePublished":"2023-08-16T14:32:48+00:00","dateModified":"2023-08-25T08:40:56+00:00","breadcrumb":{"@id":"https:\/\/stopgenderwpolsce.pl\/#breadcrumb"},"inLanguage":"pl-PL","potentialAction":[{"@type":"ReadAction","target":["https:\/\/stopgenderwpolsce.pl\/"]}]},{"@type":"BreadcrumbList","@id":"https:\/\/stopgenderwpolsce.pl\/#breadcrumb","itemListElement":[{"@type":"ListItem","position":1,"name":"Strona g\u0142\u00f3wna","item":"https:\/\/stopgenderwpolsce.pl\/"},{"@type":"ListItem","position":2,"name":"Strona g\u0142\u00f3wna"}]},{"@type":"WebSite","@id":"https:\/\/stopgenderwpolsce.pl\/#website","url":"https:\/\/stopgenderwpolsce.pl\/","name":"Stop Gender w Polsce","description":"","potentialAction":[{"@type":"SearchAction","target":{"@type":"EntryPoint","urlTemplate":"https:\/\/stopgenderwpolsce.pl\/?s={search_term_string}"},"query-input":{"@type":"PropertyValueSpecification","valueRequired":true,"valueName":"search_term_string"}}],"inLanguage":"pl-PL"}]}},"_links":{"self":[{"href":"https:\/\/stopgenderwpolsce.pl\/index.php?rest_route=\/wp\/v2\/pages\/114","targetHints":{"allow":["GET"]}}],"collection":[{"href":"https:\/\/stopgenderwpolsce.pl\/index.php?rest_route=\/wp\/v2\/pages"}],"about":[{"href":"https:\/\/stopgenderwpolsce.pl\/index.php?rest_route=\/wp\/v2\/types\/page"}],"author":[{"embeddable":true,"href":"https:\/\/stopgenderwpolsce.pl\/index.php?rest_route=\/wp\/v2\/users\/2"}],"replies":[{"embeddable":true,"href":"https:\/\/stopgenderwpolsce.pl\/index.php?rest_route=%2Fwp%2Fv2%2Fcomments&post=114"}],"version-history":[{"count":7,"href":"https:\/\/stopgenderwpolsce.pl\/index.php?rest_route=\/wp\/v2\/pages\/114\/revisions"}],"predecessor-version":[{"id":134,"href":"https:\/\/stopgenderwpolsce.pl\/index.php?rest_route=\/wp\/v2\/pages\/114\/revisions\/134"}],"wp:attachment":[{"href":"https:\/\/stopgenderwpolsce.pl\/index.php?rest_route=%2Fwp%2Fv2%2Fmedia&parent=114"}],"curies":[{"name":"wp","href":"https:\/\/api.w.org\/{rel}","templated":true}]}}